{"id":1026,"date":"2022-01-21T14:23:43","date_gmt":"2022-01-21T14:23:43","guid":{"rendered":"https:\/\/jthemes.net\/themes\/wp\/spamagic\/?page_id=1026"},"modified":"2024-04-09T17:00:24","modified_gmt":"2024-04-09T15:00:24","slug":"home-six","status":"publish","type":"page","link":"https:\/\/kines-sens.fr\/index.php\/home-six\/","title":{"rendered":"Home Six"},"content":{"rendered":"\t\t<div data-elementor-type=\"wp-page\" data-elementor-id=\"1026\" class=\"elementor elementor-1026\">\n\t\t\t\t\t\t<section class=\"elementor-section elementor-top-section elementor-element elementor-element-6716ff5 elementor-section-full_width elementor-section-stretched elementor-section-height-default elementor-section-height-default\" data-id=\"6716ff5\" data-element_type=\"section\" data-settings=\"{&quot;stretch_section&quot;:&quot;section-stretched&quot;,&quot;background_background&quot;:&quot;classic&quot;}\">\n\t\t\t\t\t\t<div class=\"elementor-container elementor-column-gap-default\">\n\t\t\t\t\t<div class=\"elementor-column elementor-col-50 elementor-top-column elementor-element elementor-element-24b3658\" data-id=\"24b3658\" data-element_type=\"column\">\n\t\t\t<div class=\"elementor-widget-wrap\">\n\t\t\t\t\t\t\t<\/div>\n\t\t<\/div>\n\t\t\t\t<div class=\"elementor-column elementor-col-50 elementor-top-column elementor-element elementor-element-5acd413\" data-id=\"5acd413\" data-element_type=\"column\">\n\t\t\t<div class=\"elementor-widget-wrap\">\n\t\t\t\t\t\t\t<\/div>\n\t\t<\/div>\n\t\t\t\t\t<\/div>\n\t\t<\/section>\n\t\t<div class=\"elementor-element elementor-element-2442746 e-flex e-con-boxed e-con e-parent\" data-id=\"2442746\" data-element_type=\"container\">\n\t\t\t\t\t<div class=\"e-con-inner\">\n\t\t\t\t<div class=\"elementor-element elementor-element-2b20b0b elementor-widget elementor-widget-text-editor\" data-id=\"2b20b0b\" data-element_type=\"widget\" data-widget_type=\"text-editor.default\">\n\t\t\t\t<div class=\"elementor-widget-container\">\n\t\t\t\t\t\t\t<p>POLITIQUE DE PROTECTION DES DONNEES PERSONNELLES CLIENTS<br \/>La pr\u00e9sente politique vous informe des caract\u00e9ristiques du traitement des donn\u00e9es et de vos droits sur les donn\u00e9es personnelles vous concernant.<br \/>La responsable de cette politique et du traitement des donn\u00e9es est St\u00e9phanie BERNARD, Kin\u00e9siologue exer\u00e7ant en Entreprise Individuelle (Siret : 949 783 435 00017)).<br \/>La responsable est joignable aux coordonn\u00e9es suivantes : 652 Avenue Andr\u00e9 L\u00e9otard, 83600 FREJUS \u2013 Tel : 06 68 35 40 81<br \/>Cette politique de confidentialit\u00e9 est r\u00e9dig\u00e9e conform\u00e9ment \u00e0 la loi n\u00b078-17 du 6 janvier 1978 (dite \u00ab Loi informatique et libert\u00e9s \u00bb ou \u00ab LiL \u00bb) et au r\u00e8glement g\u00e9n\u00e9ral sur la protection des donn\u00e9es (RGPD) n\u00b02016\/6-79.<br \/>Le traitement des donn\u00e9es collect\u00e9es a pour objet et finalit\u00e9 l\u2019ex\u00e9cution du contrat de prestation et la gestion de la relation-client. La base l\u00e9gale du traitement est le contrat conclu avec le client (prise de rendez-vous et s\u00e9ance). Pour le traitement des donn\u00e9es de sant\u00e9 \u00e9ventuelles, la base l\u00e9gale est le consentement du client.<br \/>En d\u2019autres termes, les donn\u00e9es personnelles, y compris des donn\u00e9es de sant\u00e9 physique, morales et mentales, sont collect\u00e9es en cours de s\u00e9ance pour permettre la r\u00e9alisation de la prestation de Kin\u00e9siologie.<br \/>Les donn\u00e9es demeurent sur support papier et\/ou num\u00e9rique. Aucun tiers n\u2019est susceptible d\u2019y avoir acc\u00e8s. Les donn\u00e9es sont conserv\u00e9es trois ans \u00e0 compter de la derni\u00e8re utilisation.<br \/>Les clients conservent sur leurs donn\u00e9es les droits suivants : droit d\u2019acc\u00e8s, de rectification, d\u2019effacement, d\u2019opposition, de portabilit\u00e9, ainsi que le droit de faire une r\u00e9clamation \u00e0 la Cnil.<br \/>\u00a9 St\u00e9phanie BERNARD Entreprise individuelle \u2013 Avril 2023<\/p>\t\t\t\t\t\t<\/div>\n\t\t\t\t<\/div>\n\t\t\t\t\t<\/div>\n\t\t\t\t<\/div>\n\t\t\t\t<\/div>\n\t\t","protected":false},"excerpt":{"rendered":"<p>POLITIQUE DE PROTECTION DES DONNEES PERSONNELLES CLIENTSLa pr\u00e9sente politique vous<\/p>\n<div class=\"read-more-wrapper\"><a class=\"more-link read-more-link\" href=\"https:\/\/kines-sens.fr\/index.php\/home-six\/\">Read More<\/a><\/div>\n","protected":false},"author":1,"featured_media":0,"parent":0,"menu_order":0,"comment_status":"closed","ping_status":"closed","template":"page-templates\/home-page.php","meta":{"footnotes":""},"class_list":["post-1026","page","type-page","status-publish","hentry"],"_links":{"self":[{"href":"https:\/\/kines-sens.fr\/index.php\/wp-json\/wp\/v2\/pages\/1026","targetHints":{"allow":["GET"]}}],"collection":[{"href":"https:\/\/kines-sens.fr\/index.php\/wp-json\/wp\/v2\/pages"}],"about":[{"href":"https:\/\/kines-sens.fr\/index.php\/wp-json\/wp\/v2\/types\/page"}],"author":[{"embeddable":true,"href":"https:\/\/kines-sens.fr\/index.php\/wp-json\/wp\/v2\/users\/1"}],"replies":[{"embeddable":true,"href":"https:\/\/kines-sens.fr\/index.php\/wp-json\/wp\/v2\/comments?post=1026"}],"version-history":[{"count":13,"href":"https:\/\/kines-sens.fr\/index.php\/wp-json\/wp\/v2\/pages\/1026\/revisions"}],"predecessor-version":[{"id":2972,"href":"https:\/\/kines-sens.fr\/index.php\/wp-json\/wp\/v2\/pages\/1026\/revisions\/2972"}],"wp:attachment":[{"href":"https:\/\/kines-sens.fr\/index.php\/wp-json\/wp\/v2\/media?parent=1026"}],"curies":[{"name":"wp","href":"https:\/\/api.w.org\/{rel}","templated":true}]}}