{"id":505,"date":"2022-01-16T08:54:58","date_gmt":"2022-01-16T08:54:58","guid":{"rendered":"https:\/\/jthemes.net\/themes\/wp\/spamagic\/?page_id=505"},"modified":"2024-12-13T11:55:04","modified_gmt":"2024-12-13T10:55:04","slug":"our-services","status":"publish","type":"page","link":"https:\/\/kines-sens.fr\/index.php\/our-services\/","title":{"rendered":""},"content":{"rendered":"\t\t<div data-elementor-type=\"wp-page\" data-elementor-id=\"505\" class=\"elementor elementor-505\">\n\t\t\t\t<div class=\"elementor-element elementor-element-8e0f971 e-flex e-con-boxed e-con e-parent\" data-id=\"8e0f971\" data-element_type=\"container\">\n\t\t\t\t\t<div class=\"e-con-inner\">\n\t\t\t\t<div class=\"elementor-element elementor-element-8fd4d11 elementor-widget elementor-widget-text-editor\" data-id=\"8fd4d11\" data-element_type=\"widget\" data-widget_type=\"text-editor.default\">\n\t\t\t\t<div class=\"elementor-widget-container\">\n\t\t\t\t\t\t\t<div><p class=\"font8\"><span class=\"color15\">Bienvenue sur mon site\u00a0!<\/span><\/p><\/div><div><p class=\"font8\"><span class=\"color15\">Je m\u2019appelle St\u00e9phanie et je suis ravie de partager avec vous ma passion pour la kin\u00e9siologie.<\/span><\/p><\/div><div><p class=\"font8\"><span class=\"color15\">Mon parcours s\u2019inscrit dans la recherche du bien-\u00eatre\u00a0humain. En effet,<\/span><span class=\"wixui-rich-texttext\"> l&rsquo;accompagnement a toujours fait partie de mon cursus : apr\u00e8s l&rsquo;obtention d&rsquo;une licence professionnelle en Ressources humaines, j&rsquo;ai \u00e9t\u00e9 pendant pr\u00e8s de 16 ans Charg\u00e9e des Ressources Humaines et Gestionnaire de paie.\u00a0<\/span><\/p><\/div><div><p class=\"font8\"><span class=\"wixui-rich-texttext\">Un m\u00e9tier qui m&rsquo;a permis d&rsquo;accompagner mes collaborateurs vers leurs <b><i>objectifs professionnels<\/i><\/b>.<\/span><\/p><\/div><div><p class=\"font8\"><span class=\"wixui-rich-texttext\">Puis, en 2021, j&rsquo;ai d\u00e9couvert la kin\u00e9siologie. Cela a \u00e9t\u00e9 un v\u00e9ritable coup de c\u0153ur. J\u2019ai alors <\/span>voulu me lancer dans une reconversion professionnelle afin d\u2019\u00e9voluer et \u00e9largir mon champ de comp\u00e9tences et ainsi m\u2019orienter vers la profession de kin\u00e9siologue. Ce qui m\u2019a attir\u00e9e, c\u2019est son approche globale, qui met en synergie l\u2019aspect physique, \u00e9motionnel, \u00e9nerg\u00e9tique et biochimique.<\/p><\/div><div><p class=\"font8\"><span class=\"wixui-rich-texttext\">C\u2019est un m\u00e9tier qui me permet une fois encore d&rsquo;accompagner les adultes mais \u00e9galement les enfants. Avec la kin\u00e9siologie, je vous accompagne dans la compr\u00e9hension de vos \u00e9motions, la lib\u00e9ration de vos blocages et l&rsquo;am\u00e9lioration de votre bien-\u00eatre physique, mental et \u00e9motionnel. Mon but est de vous aider \u00e0 r\u00e9\u00e9couter votre corps, vous reconnecter \u00e0 vous-m\u00eame pour que vous puissiez r\u00e9ajuster ce qui doit d&rsquo;\u00eatre et faire les meilleurs choix, en toute libert\u00e9.<\/span><\/p><\/div><div><p>J\u2019ai suivi une <b>formation de 947 heures<\/b>, r\u00e9partie sur <b>2 ans<\/b>, riche et intense, \u00e0 l<b>\u2019Ecole Infor\u2019ted<\/b>, suite \u00e0 laquelle j\u2019ai obtenu ma certification en d\u00e9cembre 2023.\u00a0<\/p><\/div><div><p>Je suis \u00e9galement affili\u00e9e \u00e0 la <b>F\u00e9d\u00e9ration Fran\u00e7aise de Kin\u00e9siologie<\/b> et je m\u2019engage \u00e0 respecter son code de d\u00e9ontologie.<\/p><\/div>\t\t\t\t\t\t<\/div>\n\t\t\t\t<\/div>\n\t\t\t\t<div class=\"elementor-element elementor-element-74757de elementor-widget elementor-widget-heading\" data-id=\"74757de\" data-element_type=\"widget\" data-widget_type=\"heading.default\">\n\t\t\t\t<div class=\"elementor-widget-container\">\n\t\t\t<h2 class=\"elementor-heading-title elementor-size-default\">Mon r\u00f4le<\/h2>\t\t<\/div>\n\t\t\t\t<\/div>\n\t\t\t\t<div class=\"elementor-element elementor-element-e1721e3 elementor-widget elementor-widget-text-editor\" data-id=\"e1721e3\" data-element_type=\"widget\" data-widget_type=\"text-editor.default\">\n\t\t\t\t<div class=\"elementor-widget-container\">\n\t\t\t\t\t\t\t<p>Un kin\u00e9siologue ne soigne pas mais restaure vos capacit\u00e9s de choix et d&rsquo;auto-gu\u00e9rison afin de vous permettre de devenir autonome et acter du changement par vous-m\u00eame.<\/p><p>Mon r\u00f4le est de vous accompagner dans la compr\u00e9hension de vos \u00e9motions, dans la lib\u00e9ration de vos blocages et de vous aider \u00e0 am\u00e9liorer votre bien-\u00eatre physique, mental et \u00e9motionnel.<\/p><p>Je vous aide \u00e9galement \u00e0 r\u00e9\u00e9couter votre corps, vous reconnecter \u00e0 vous-m\u00eame.\u00a0<\/p><div><span style=\"font-size: 16px;\">Ma pratique se fait avec douceur et bienveillance pour toutes les s\u00e9ances.<\/span><\/div><div><div><p class=\"font7\"><span class=\"wixui-rich-texttext\">Je suis neutre et sans aucun jugement, aucune intrusion, pour votre plus grand respect.<\/span><\/p><p class=\"font7\"><span class=\"wixui-rich-texttext\">Les s\u00e9ances sont guid\u00e9es par votre test musculaire<\/span><span class=\"apple-converted-space\">\u00a0<\/span><span class=\"wixui-rich-texttext\"><i>(c\u2019est votre corps qui me donne la marche \u00e0 suivre)<\/i>.<\/span><br \/><span class=\"wixui-rich-texttext\">Le temps accord\u00e9 \u00e0 la s\u00e9ance est un espace qui vous permet de vous sentir libre et en s\u00e9curit\u00e9.<\/span><\/p><\/div><div><p class=\"font7\">\u00a0<\/p><\/div><\/div>\t\t\t\t\t\t<\/div>\n\t\t\t\t<\/div>\n\t\t\t\t\t<\/div>\n\t\t\t\t<\/div>\n\t\t\t\t<section class=\"elementor-section elementor-top-section elementor-element elementor-element-5d680f4 elementor-section-full_width elementor-section-stretched elementor-section-height-default elementor-section-height-default\" data-id=\"5d680f4\" data-element_type=\"section\" data-settings=\"{&quot;stretch_section&quot;:&quot;section-stretched&quot;}\">\n\t\t\t\t\t\t<div class=\"elementor-container elementor-column-gap-default\">\n\t\t\t\t\t<div class=\"elementor-column elementor-col-100 elementor-top-column elementor-element elementor-element-26c434e\" data-id=\"26c434e\" data-element_type=\"column\">\n\t\t\t<div class=\"elementor-widget-wrap elementor-element-populated\">\n\t\t\t\t\t\t<div class=\"elementor-element elementor-element-b401b0d elementor-widget elementor-widget-image\" data-id=\"b401b0d\" data-element_type=\"widget\" data-widget_type=\"image.default\">\n\t\t\t\t<div class=\"elementor-widget-container\">\n\t\t\t\t\t\t\t\t\t\t\t\t\t<img decoding=\"async\" width=\"274\" height=\"170\" src=\"https:\/\/kines-sens.fr\/wp-content\/uploads\/2022\/01\/ab-img-01.png\" class=\"attachment-large size-large wp-image-826\" alt=\"\" \/>\t\t\t\t\t\t\t\t\t\t\t\t\t<\/div>\n\t\t\t\t<\/div>\n\t\t\t\t\t<\/div>\n\t\t<\/div>\n\t\t\t\t\t<\/div>\n\t\t<\/section>\n\t\t\t\t<\/div>\n\t\t","protected":false},"excerpt":{"rendered":"<p>Bienvenue sur mon site\u00a0! Je m\u2019appelle St\u00e9phanie et je suis<\/p>\n<div class=\"read-more-wrapper\"><a class=\"more-link read-more-link\" href=\"https:\/\/kines-sens.fr\/index.php\/our-services\/\">Read More<\/a><\/div>\n","protected":false},"author":1,"featured_media":0,"parent":0,"menu_order":0,"comment_status":"closed","ping_status":"closed","template":"elementor_header_footer","meta":{"footnotes":""},"class_list":["post-505","page","type-page","status-publish","hentry"],"_links":{"self":[{"href":"https:\/\/kines-sens.fr\/index.php\/wp-json\/wp\/v2\/pages\/505","targetHints":{"allow":["GET"]}}],"collection":[{"href":"https:\/\/kines-sens.fr\/index.php\/wp-json\/wp\/v2\/pages"}],"about":[{"href":"https:\/\/kines-sens.fr\/index.php\/wp-json\/wp\/v2\/types\/page"}],"author":[{"embeddable":true,"href":"https:\/\/kines-sens.fr\/index.php\/wp-json\/wp\/v2\/users\/1"}],"replies":[{"embeddable":true,"href":"https:\/\/kines-sens.fr\/index.php\/wp-json\/wp\/v2\/comments?post=505"}],"version-history":[{"count":62,"href":"https:\/\/kines-sens.fr\/index.php\/wp-json\/wp\/v2\/pages\/505\/revisions"}],"predecessor-version":[{"id":3096,"href":"https:\/\/kines-sens.fr\/index.php\/wp-json\/wp\/v2\/pages\/505\/revisions\/3096"}],"wp:attachment":[{"href":"https:\/\/kines-sens.fr\/index.php\/wp-json\/wp\/v2\/media?parent=505"}],"curies":[{"name":"wp","href":"https:\/\/api.w.org\/{rel}","templated":true}]}}